{"id":156,"date":"2026-03-10T06:33:31","date_gmt":"2026-03-10T06:33:31","guid":{"rendered":"https:\/\/ffc-worblental.ch\/?page_id=156"},"modified":"2026-03-10T06:41:14","modified_gmt":"2026-03-10T06:41:14","slug":"wir-suchen-dich","status":"publish","type":"page","link":"https:\/\/ffc-worblental.ch\/?page_id=156","title":{"rendered":"Wir suchen dich!"},"content":{"rendered":"\n<div class=\"wp-block-cover alignfull\" style=\"min-height:528px;aspect-ratio:unset;\"><img loading=\"lazy\" decoding=\"async\" width=\"1024\" height=\"263\" class=\"wp-block-cover__image-background wp-image-74\" alt=\"\" src=\"https:\/\/ffc-worblental.ch\/wp-content\/uploads\/2026\/03\/alliance-football-club-xtvnC2FuJSg-unsplash-1536x1025-1-e1772742957190-1024x263.jpg\" data-object-fit=\"cover\" srcset=\"https:\/\/ffc-worblental.ch\/wp-content\/uploads\/2026\/03\/alliance-football-club-xtvnC2FuJSg-unsplash-1536x1025-1-e1772742957190-1024x263.jpg 1024w, https:\/\/ffc-worblental.ch\/wp-content\/uploads\/2026\/03\/alliance-football-club-xtvnC2FuJSg-unsplash-1536x1025-1-e1772742957190-300x77.jpg 300w, https:\/\/ffc-worblental.ch\/wp-content\/uploads\/2026\/03\/alliance-football-club-xtvnC2FuJSg-unsplash-1536x1025-1-e1772742957190-768x197.jpg 768w, https:\/\/ffc-worblental.ch\/wp-content\/uploads\/2026\/03\/alliance-football-club-xtvnC2FuJSg-unsplash-1536x1025-1-e1772742957190.jpg 1536w\" sizes=\"auto, (max-width: 1024px) 100vw, 1024px\" \/><span aria-hidden=\"true\" class=\"wp-block-cover__background has-background-dim\"><\/span><div class=\"wp-block-cover__inner-container is-layout-flow wp-block-cover-is-layout-flow\">\n<p><\/p>\n<\/div><\/div>\n\n\n\n<div class=\"wp-block-uagb-container uagb-block-igjrahwz alignfull uagb-is-root-container\"><div class=\"uagb-container-inner-blocks-wrap\">\n<div class=\"wp-block-uagb-container uagb-block-aspa5dss\">\n<div class=\"wp-block-uagb-info-box uagb-block-fvhueciw uagb-infobox__content-wrap  uagb-infobox-icon-above-title uagb-infobox-image-valign-top\"><div class=\"uagb-ifb-content\"><div class=\"uagb-ifb-title-wrap\"><p class=\"uagb-ifb-title-prefix\">&#8222;Mir su\u00e4ch\u00e4 genau di&#8220;<\/p><h2 class=\"uagb-ifb-title\">Frauentrainerin (m\/w\/d)<\/h2><\/div><p class=\"uagb-ifb-desc\"><br>Der <strong>FFC Worblental<\/strong> w\u00e4chst \u2013 und daf\u00fcr suchen wir motivierte Unterst\u00fctzung an der Seitenlinie!<br>Unser Verein ist noch jung und vieles befindet sich im Aufbau. Genau das macht den Reiz aus: Bei uns kannst du aktiv mitgestalten, Verantwortung \u00fcbernehmen und den Frauenfussball in der Region Worblental weiterentwickeln.<br><br><strong>Interesse?<\/strong><br><mark style=\"background-color:rgba(0, 0, 0, 0)\" class=\"has-inline-color has-ast-global-color-1-color\">Dann melde dich bei uns \u2013 wir freuen uns darauf, dich kennenzulernen und gemeinsam den Frauenfussball im Worblental weiter voranzubringen!<\/mark><br><br><\/p><\/div><\/div>\n<\/div>\n\n\n\n<div class=\"wp-block-uagb-container uagb-block-hvlyihij\">\n<div class=\"wp-block-uagb-image alignleft uagb-block-89iwdlft wp-block-uagb-image--layout-default wp-block-uagb-image--effect-static wp-block-uagb-image--align-left\"><figure class=\"wp-block-uagb-image__figure\"><img decoding=\"async\" srcset=\"https:\/\/ffc-worblental.ch\/wp-content\/uploads\/2026\/03\/g94676bedb92d0e993971759b297bd05cb28b6dde9527aa978dee1eb2a15192b3d56df9b6cb75eb5a835fbc49be372dcdd2615bd35d6113cd3748ea9c86fde0fd_1280-8048205-1024x682.jpg ,https:\/\/ffc-worblental.ch\/wp-content\/uploads\/2026\/03\/g94676bedb92d0e993971759b297bd05cb28b6dde9527aa978dee1eb2a15192b3d56df9b6cb75eb5a835fbc49be372dcdd2615bd35d6113cd3748ea9c86fde0fd_1280-8048205.jpg 780w, https:\/\/ffc-worblental.ch\/wp-content\/uploads\/2026\/03\/g94676bedb92d0e993971759b297bd05cb28b6dde9527aa978dee1eb2a15192b3d56df9b6cb75eb5a835fbc49be372dcdd2615bd35d6113cd3748ea9c86fde0fd_1280-8048205.jpg 360w\" sizes=\"auto, (max-width: 480px) 150px\" src=\"https:\/\/ffc-worblental.ch\/wp-content\/uploads\/2026\/03\/g94676bedb92d0e993971759b297bd05cb28b6dde9527aa978dee1eb2a15192b3d56df9b6cb75eb5a835fbc49be372dcdd2615bd35d6113cd3748ea9c86fde0fd_1280-8048205-1024x682.jpg\" alt=\"ball, soccer, youth football, football, soccer shoe, footballer, sports, youth, child, football, football, football, football, football\" class=\"uag-image-89\" width=\"270\" height=\"360\" title=\"g94676bedb92d0e993971759b297bd05cb28b6dde9527aa978dee1eb2a15192b3d56df9b6cb75eb5a835fbc49be372dcdd2615bd35d6113cd3748ea9c86fde0fd_1280-8048205\" loading=\"lazy\" role=\"img\"\/><\/figure><\/div>\n\n\n\n<div class=\"wp-block-uagb-image alignleft uagb-block-cmwx878i wp-block-uagb-image--layout-default wp-block-uagb-image--effect-static wp-block-uagb-image--align-left\"><figure class=\"wp-block-uagb-image__figure\"><img decoding=\"async\" srcset=\"https:\/\/ffc-worblental.ch\/wp-content\/uploads\/2026\/03\/pexels-photo-28222529-28222529.jpg ,https:\/\/ffc-worblental.ch\/wp-content\/uploads\/2026\/03\/pexels-photo-28222529-28222529.jpg 780w, https:\/\/ffc-worblental.ch\/wp-content\/uploads\/2026\/03\/pexels-photo-28222529-28222529.jpg 360w\" sizes=\"auto, (max-width: 480px) 150px\" src=\"https:\/\/ffc-worblental.ch\/wp-content\/uploads\/2026\/03\/pexels-photo-28222529-28222529.jpg\" alt=\"Soccer ball on a lush green field seen through netting, perfect for sports themes.\" class=\"uag-image-90\" width=\"270\" height=\"360\" title=\"pexels-photo-28222529-28222529\" loading=\"lazy\" role=\"img\"\/><\/figure><\/div>\n<\/div>\n<\/div><\/div>\n\n\n\n<div class=\"wp-block-uagb-container uagb-block-ka0t99f7 alignfull uagb-is-root-container\"><div class=\"uagb-container-inner-blocks-wrap\">\n<div class=\"wp-block-uagb-info-box uagb-block-1zvdla08 uagb-infobox__content-wrap  uagb-infobox-icon-above-title uagb-infobox-image-valign-top\"><div class=\"uagb-ifb-content\"><div class=\"uagb-ifb-title-wrap\"><h2 class=\"uagb-ifb-title\">KOMM VORBEI UND LERNE UNS KENNEN<\/h2><\/div><\/div><\/div>\n\n\n\n<div class=\"wp-block-uagb-container uagb-block-1msfh8r9\">\n<div class=\"wp-block-uagb-container uagb-block-ac9nznqd\">\n<div class=\"wp-block-uagb-info-box uagb-block-iv7ad9sb uagb-infobox__content-wrap  uagb-infobox-icon-above-title uagb-infobox-image-valign-top\"><div class=\"uagb-ifb-content\"><div class=\"uagb-ifb-title-wrap\"><p class=\"uagb-ifb-title-prefix\">01<\/p><h3 class=\"uagb-ifb-title\">Was bieten wir<\/h3><\/div><p class=\"uagb-ifb-desc\"> &#8211; Ein motiviertes Team und ein engagiertes Vereinsumfeld &nbsp;<br><br>&nbsp;&#8211; Die M\u00f6glichkeit, einen jungen Verein aktiv mitzugestalten<br> &nbsp;<br>&nbsp;&#8211; Unterst\u00fctzung bei Trainerkursen und Weiterbildungen &nbsp;<br><br>&nbsp;&#8211; Spass, Teamgeist und Leidenschaft f\u00fcr den Fussball<\/p><\/div><\/div>\n<\/div>\n\n\n\n<div class=\"wp-block-uagb-container uagb-block-dkkl0gqe\">\n<div class=\"wp-block-uagb-info-box uagb-block-wghwyz9a uagb-infobox__content-wrap  uagb-infobox-icon-above-title uagb-infobox-image-valign-top\"><div class=\"uagb-ifb-content\"><div class=\"uagb-ifb-title-wrap\"><p class=\"uagb-ifb-title-prefix\">02<\/p><h3 class=\"uagb-ifb-title\">Deine Aufgaben<\/h3><\/div><p class=\"uagb-ifb-desc\">&#8211; Planung und Durchf\u00fchrung von Trainings<br><br>&#8211; Betreuung der Mannschaft bei Spielen<br><br>&#8211; F\u00f6rderung der sportlichen und pers\u00f6nlichen <br><br>&#8211; Entwicklung der Spielerinnen<br><br>&#8211; Mitgestaltung des Vereinslebens und der Teamkultur<\/p><\/div><\/div>\n<\/div>\n\n\n\n<div class=\"wp-block-uagb-container uagb-block-baz314uw\">\n<div class=\"wp-block-uagb-info-box uagb-block-mjq6ixov uagb-infobox__content-wrap  uagb-infobox-icon-above-title uagb-infobox-image-valign-top\"><div class=\"uagb-ifb-content\"><div class=\"uagb-ifb-title-wrap\"><p class=\"uagb-ifb-title-prefix\">03<\/p><h3 class=\"uagb-ifb-title\">Was bringst du mit<\/h3><\/div><p class=\"uagb-ifb-desc\">&#8211; Begeisterung f\u00fcr Fussball und den Frauenfussball<br><br>&#8211; Freude an der Arbeit mit Spielerinnen und Teams<br><br>&#8211; Teamgeist, Engagement und Zuverl\u00e4ssigkeit<br><br>&#8211; Trainererfahrung oder die Bereitschaft, eine Ausbildung zu absolvieren (von Vorteil, aber nicht zwingend)<\/p><\/div><\/div>\n<\/div>\n<\/div>\n<\/div><\/div>\n\n\n\n<p><\/p>\n\n\n\n<div class=\"wp-block-uagb-container uagb-block-5h9umxqo alignfull uagb-is-root-container\"><div class=\"uagb-container-inner-blocks-wrap\">\n<div class=\"wp-block-uagb-container uagb-block-vpppdtf4\">\n<div class=\"wp-block-uagb-info-box uagb-block-pc54stmz uagb-infobox__content-wrap  uagb-infobox-icon-above-title uagb-infobox-image-valign-top\"><div class=\"uagb-ifb-content\"><div class=\"uagb-ifb-title-wrap\"><h2 class=\"uagb-ifb-title\">Du hast Fragen oder m\u00f6chtest Mitmachen?<\/h2><\/div><p class=\"uagb-ifb-desc\">Wir freuen uns von dir zu h\u00f6ren.<\/p><\/div><\/div>\n<\/div>\n\n\n\n<div class=\"wp-block-uagb-forms uagb-forms__outer-wrap uagb-block-gsuzbl7o uagb-forms__default-btn\"><form class=\"uagb-forms-main-form\" method=\"post\" autocomplete=\"on\" name=\"uagb-form-gsuzbl7o\">\n<div class=\"wp-block-uagb-forms-name uagb-forms-name-wrap uagb-forms-field-set uagb-block-jftbnpqb uag-col-2\"><div class=\"uagb-forms-name-label required uagb-forms-input-label\" id=\"jftbnpqb\">Vorname<\/div><input type=\"text\" placeholder=\"\" required class=\"uagb-forms-name-input uagb-forms-input\" name=\"jftbnpqb\" autocomplete=\"given-name\"\/><\/div>\n\n\n\n<div class=\"wp-block-uagb-forms-name uagb-forms-name-wrap uagb-forms-field-set uagb-block-auj5gku3 uag-col-2\"><div class=\"uagb-forms-name-label required uagb-forms-input-label\" id=\"auj5gku3\">Nachname<\/div><input type=\"text\" placeholder=\"\" required class=\"uagb-forms-name-input uagb-forms-input\" name=\"auj5gku3\" autocomplete=\"family-name\"\/><\/div>\n\n\n\n<div class=\"wp-block-uagb-forms-email uagb-forms-email-wrap uagb-forms-field-set uagb-block-fqg7ikyx\"><div class=\"uagb-forms-email-label required uagb-forms-input-label\" id=\"fqg7ikyx\">Email<\/div><input type=\"email\" class=\"uagb-forms-email-input uagb-forms-input\" placeholder=\"\" required name=\"fqg7ikyx\" autocomplete=\"email\"\/><\/div>\n\n\n\n<div class=\"wp-block-uagb-forms-textarea uagb-forms-textarea-wrap uagb-forms-field-set uagb-block-olmsx2nq\"><div class=\"uagb-forms-textarea-label required uagb-forms-input-label\" id=\"olmsx2nq\">Deine Nachricht<\/div><textarea required class=\"uagb-forms-textarea-input uagb-forms-input\" rows=\"6\" placeholder=\"\" name=\"olmsx2nq\" autocomplete=\"off\"><\/textarea><\/div>\n<div class=\"uagb-forms-form-hidden-data\"><input type=\"hidden\" class=\"uagb_forms_form_label\" value=\"Spectra Form\"\/><input type=\"hidden\" class=\"uagb_forms_form_id\" value=\"uagb-form-gsuzbl7o\"\/><\/div><div class=\"uagb-form-reacaptcha-error-gsuzbl7o\"><\/div><div class=\"uagb-forms-main-submit-button-wrap wp-block-button\"><button class=\"uagb-forms-main-submit-button wp-block-button__link\"><div class=\"uagb-forms-main-submit-button-text\">Senden<\/div><\/button><\/div><\/form><div class=\"uagb-forms-success-message-gsuzbl7o uagb-forms-submit-message-hide\"><span>The form has been submitted successfully!<\/span><\/div><div class=\"uagb-forms-failed-message-gsuzbl7o uagb-forms-submit-message-hide\"><span>There has been some error while submitting the form. Please verify all form fields again.<\/span><\/div><\/div>\n<\/div><\/div>\n","protected":false},"excerpt":{"rendered":"","protected":false},"author":1,"featured_media":0,"parent":0,"menu_order":2,"comment_status":"closed","ping_status":"closed","template":"","meta":{"_uag_custom_page_level_css":"","site-sidebar-layout":"default","site-content-layout":"","ast-site-content-layout":"default","site-content-style":"default","site-sidebar-style":"default","ast-global-header-display":"","ast-banner-title-visibility":"","ast-main-header-display":"","ast-hfb-above-header-display":"","ast-hfb-below-header-display":"","ast-hfb-mobile-header-display":"","site-post-title":"disabled","ast-breadcrumbs-content":"","ast-featured-img":"","footer-sml-layout":"","theme-transparent-header-meta":"","adv-header-id-meta":"","stick-header-meta":"","header-above-stick-meta":"","header-main-stick-meta":"","header-below-stick-meta":"","astra-migrate-meta-layouts":"default","ast-page-background-enabled":"default","ast-page-background-meta":{"desktop":{"background-color":"var(--ast-global-color-5)","background-image":"","background-repeat":"repeat","background-position":"center center","background-size":"auto","background-attachment":"scroll","background-type":"","background-media":"","overlay-type":"","overlay-color":"","overlay-opacity":"","overlay-gradient":""},"tablet":{"background-color":"","background-image":"","background-repeat":"repeat","background-position":"center center","background-size":"auto","background-attachment":"scroll","background-type":"","background-media":"","overlay-type":"","overlay-color":"","overlay-opacity":"","overlay-gradient":""},"mobile":{"background-color":"","background-image":"","background-repeat":"repeat","background-position":"center center","background-size":"auto","background-attachment":"scroll","background-type":"","background-media":"","overlay-type":"","overlay-color":"","overlay-opacity":"","overlay-gradient":""}},"ast-content-background-meta":{"desktop":{"background-color":"var(--ast-global-color-4)","background-image":"","background-repeat":"repeat","background-position":"center center","background-size":"auto","background-attachment":"scroll","background-type":"","background-media":"","overlay-type":"","overlay-color":"","overlay-opacity":"","overlay-gradient":""},"tablet":{"background-color":"var(--ast-global-color-4)","background-image":"","background-repeat":"repeat","background-position":"center center","background-size":"auto","background-attachment":"scroll","background-type":"","background-media":"","overlay-type":"","overlay-color":"","overlay-opacity":"","overlay-gradient":""},"mobile":{"background-color":"var(--ast-global-color-4)","background-image":"","background-repeat":"repeat","background-position":"center center","background-size":"auto","background-attachment":"scroll","background-type":"","background-media":"","overlay-type":"","overlay-color":"","overlay-opacity":"","overlay-gradient":""}},"footnotes":""},"class_list":["post-156","page","type-page","status-publish","hentry"],"uagb_featured_image_src":{"full":false,"thumbnail":false,"medium":false,"medium_large":false,"large":false,"1536x1536":false,"2048x2048":false,"sportspress-crop-medium":false,"sportspress-fit-medium":false,"sportspress-fit-icon":false,"sportspress-fit-mini":false},"uagb_author_info":{"display_name":"admin","author_link":"https:\/\/ffc-worblental.ch\/?author=1"},"uagb_comment_info":0,"uagb_excerpt":null,"_links":{"self":[{"href":"https:\/\/ffc-worblental.ch\/index.php?rest_route=\/wp\/v2\/pages\/156","targetHints":{"allow":["GET"]}}],"collection":[{"href":"https:\/\/ffc-worblental.ch\/index.php?rest_route=\/wp\/v2\/pages"}],"about":[{"href":"https:\/\/ffc-worblental.ch\/index.php?rest_route=\/wp\/v2\/types\/page"}],"author":[{"embeddable":true,"href":"https:\/\/ffc-worblental.ch\/index.php?rest_route=\/wp\/v2\/users\/1"}],"replies":[{"embeddable":true,"href":"https:\/\/ffc-worblental.ch\/index.php?rest_route=%2Fwp%2Fv2%2Fcomments&post=156"}],"version-history":[{"count":7,"href":"https:\/\/ffc-worblental.ch\/index.php?rest_route=\/wp\/v2\/pages\/156\/revisions"}],"predecessor-version":[{"id":181,"href":"https:\/\/ffc-worblental.ch\/index.php?rest_route=\/wp\/v2\/pages\/156\/revisions\/181"}],"wp:attachment":[{"href":"https:\/\/ffc-worblental.ch\/index.php?rest_route=%2Fwp%2Fv2%2Fmedia&parent=156"}],"curies":[{"name":"wp","href":"https:\/\/api.w.org\/{rel}","templated":true}]}}